{"id":2346,"date":"2015-06-04T08:35:49","date_gmt":"2015-06-04T06:35:49","guid":{"rendered":"http:\/\/www.lichtknoten.com\/webblog\/?page_id=2346"},"modified":"2015-06-20T12:02:42","modified_gmt":"2015-06-20T10:02:42","slug":"shop","status":"publish","type":"page","link":"http:\/\/www.lichtknoten.com\/webblog\/?page_id=2346","title":{"rendered":"Shop &#8230;"},"content":{"rendered":"<h1>Restsingularit\u00e4t &#8211; Die \u00c4sthetisierung des Kaffeesatzes<\/h1>\n<p>Restsingularit\u00e4t geht in seinem Ursprung und seiner Idee gut 10 Jahre zur\u00fcck. Der wohlbekannte Blick in die Kaffeetasse und das Studium des \u00dcbriggebliebenen inspirierten und l\u00f6sten einen Prozess aus, der in den nachfolgenden Jahren zunehmend kreativ umgesetzt wurde. 2014\/15 wurde die Kreativit\u00e4t dann durch einen konkreten Projektansatz greifbar und m\u00fcndete in das vorliegende Buchprojekt. Dabei steht eine vollkommene Entkoppelung der Bilder und des Abgebildeten von jeglicher vorgegebener Beschreibung oder Interpretation im Mittelpunkt. Der Betrachter soll unabgelenkt bleiben, soll selbst interpretieren.<\/p>\n<p>Bestellung ist direkt \u00fcber mich m\u00f6glich (Bezahlung per \u00dcberweisung). <a href=\"mailto: mail@alex-reiterer.com\">Einfach Mail schreiben! <\/a><\/p>\n<p>Oder \u00fcber die amerikanische Amazon-Seite:<\/p>\n<p>[asa]1320712843[\/asa]<\/p>\n","protected":false},"excerpt":{"rendered":"<p>Restsingularit\u00e4t &#8211; Die \u00c4sthetisierung des Kaffeesatzes Restsingularit\u00e4t geht in seinem Ursprung und seiner Idee gut 10 Jahre zur\u00fcck. Der wohlbekannte Blick in die Kaffeetasse und das Studium des \u00dcbriggebliebenen inspirierten und l\u00f6sten einen Prozess aus, der in den nachfolgenden Jahren zunehmend kreativ umgesetzt wurde. 2014\/15 wurde die Kreativit\u00e4t dann durch einen konkreten Projektansatz greifbar und [&hellip;]<\/p>\n","protected":false},"author":1,"featured_media":0,"parent":0,"menu_order":0,"comment_status":"closed","ping_status":"closed","template":"","meta":{"footnotes":""},"class_list":["post-2346","page","type-page","status-publish","hentry"],"jetpack_sharing_enabled":true,"_links":{"self":[{"href":"http:\/\/www.lichtknoten.com\/webblog\/index.php?rest_route=\/wp\/v2\/pages\/2346","targetHints":{"allow":["GET"]}}],"collection":[{"href":"http:\/\/www.lichtknoten.com\/webblog\/index.php?rest_route=\/wp\/v2\/pages"}],"about":[{"href":"http:\/\/www.lichtknoten.com\/webblog\/index.php?rest_route=\/wp\/v2\/types\/page"}],"author":[{"embeddable":true,"href":"http:\/\/www.lichtknoten.com\/webblog\/index.php?rest_route=\/wp\/v2\/users\/1"}],"replies":[{"embeddable":true,"href":"http:\/\/www.lichtknoten.com\/webblog\/index.php?rest_route=%2Fwp%2Fv2%2Fcomments&post=2346"}],"version-history":[{"count":26,"href":"http:\/\/www.lichtknoten.com\/webblog\/index.php?rest_route=\/wp\/v2\/pages\/2346\/revisions"}],"predecessor-version":[{"id":2487,"href":"http:\/\/www.lichtknoten.com\/webblog\/index.php?rest_route=\/wp\/v2\/pages\/2346\/revisions\/2487"}],"wp:attachment":[{"href":"http:\/\/www.lichtknoten.com\/webblog\/index.php?rest_route=%2Fwp%2Fv2%2Fmedia&parent=2346"}],"curies":[{"name":"wp","href":"https:\/\/api.w.org\/{rel}","templated":true}]}}